{"id":78,"date":"2026-01-09T10:23:36","date_gmt":"2026-01-09T10:23:36","guid":{"rendered":"https:\/\/www.seedflowtrading.com\/index.php\/services\/"},"modified":"2026-01-10T16:05:51","modified_gmt":"2026-01-10T16:05:51","slug":"services","status":"publish","type":"page","link":"https:\/\/www.seedflowtrading.com\/fr\/services\/","title":{"rendered":"Services"},"content":{"rendered":"<div class=\"wp-block-uagb-container uagb-block-6e6795cc alignfull uagb-is-root-container\"><div class=\"uagb-container-inner-blocks-wrap\">\n<div class=\"wp-block-uagb-info-box uagb-block-2b3d8aef uagb-infobox__content-wrap  uagb-infobox-icon-above-title uagb-infobox-image-valign-top\"><div class=\"uagb-ifb-content\"><div class=\"uagb-ifb-title-wrap\"><span class=\"uagb-ifb-title-prefix\">D\u00e9couvrez nos solutions compl\u00e8tes<\/span><h1 class=\"uagb-ifb-title\">Structurer l\u2019agriculture pour les march\u00e9s internationaux<\/h1><\/div><\/div><\/div>\n<\/div><\/div>\n\n\n\n<div class=\"wp-block-uagb-container uagb-block-c4e157a0 alignfull uagb-is-root-container\"><div class=\"uagb-container-inner-blocks-wrap\">\n<div class=\"wp-block-uagb-container uagb-block-7b2ae4e0 alignfull uagb-is-root-container\"><div class=\"uagb-container-inner-blocks-wrap\">\n<div class=\"wp-block-uagb-container uagb-block-9c729b6d\">\n<div class=\"wp-block-uagb-info-box uagb-block-965a49b3 uagb-infobox__content-wrap  uagb-infobox-icon-above-title uagb-infobox-image-valign-top wp-block-uagb-info-box--has-margin\"><div class=\"uagb-infobox-margin-wrapper\"><div class=\"uagb-ifb-content\"><div class=\"uagb-ifb-title-wrap\"><h2 class=\"uagb-ifb-title\">Semences et intrants agricoles<\/h2><\/div><p class=\"uagb-ifb-desc\">SeedFlow Trading assure l\u2019approvisionnement et la distribution <strong>de semences certifi\u00e9es et d\u2019intrants agricoles,<\/strong> soigneusement s\u00e9lectionn\u00e9s pour s\u2019adapter aux conditions agronomiques locales, aux environnements de production et aux exigences des march\u00e9s. <br>Notre <strong>processus de s\u00e9lection <\/strong>met l\u2019accent sur la fiabilit\u00e9 des produits, la constance des performances et le respect des normes de qualit\u00e9 applicables.<br>En intervenant en amont de la cha\u00eene de valeur agricole, nous accompagnons les producteurs et les structures agricoles professionnelles dans <strong>l\u2019am\u00e9lioration des rendements<\/strong>, <strong>la r\u00e9duction des risques<\/strong> de <strong>production<\/strong>, et <strong>l\u2019obtention<\/strong> de r\u00e9sultats <strong>plus pr\u00e9visibles<\/strong>.<\/p><\/div><\/div><\/div>\n<\/div>\n\n\n\n<div class=\"wp-block-uagb-container uagb-block-2b36acf2\">\n<div class=\"wp-block-uagb-image alignleft uagb-block-e782fd24 wp-block-uagb-image--layout-default wp-block-uagb-image--effect-static wp-block-uagb-image--align-left\"><figure class=\"wp-block-uagb-image__figure\"><img decoding=\"async\" srcset=\"https:\/\/www.seedflowtrading.com\/wp-content\/uploads\/2026\/01\/pexels-photo-7728011-683x1024.jpeg ,https:\/\/www.seedflowtrading.com\/wp-content\/uploads\/2026\/01\/pexels-photo-7728011.jpeg 780w, https:\/\/www.seedflowtrading.com\/wp-content\/uploads\/2026\/01\/pexels-photo-7728011.jpeg 360w\" sizes=\"auto, (max-width: 480px) 150px\" src=\"https:\/\/www.seedflowtrading.com\/wp-content\/uploads\/2026\/01\/pexels-photo-7728011-683x1024.jpeg\" alt=\"Close-up of small seedlings sprouting in a rectangular container.\" class=\"uag-image-47\" width=\"550\" height=\"564\" title=\"pexels photo 7728011\" loading=\"lazy\" role=\"img\"\/><\/figure><\/div>\n\n\n\n<div class=\"wp-block-uagb-image aligncenter uagb-block-6e8fa1d9 wp-block-uagb-image--layout-default wp-block-uagb-image--effect-static wp-block-uagb-image--align-center uag-blocks-common-selector\" style=\"--z-index-desktop:1;;--z-index-tablet:undefined;;--z-index-mobile:undefined;\"><figure class=\"wp-block-uagb-image__figure\"><img decoding=\"async\" srcset=\"https:\/\/www.seedflowtrading.com\/wp-content\/uploads\/2026\/01\/pexels-photo-28903100-28903100-1024x683.jpg ,https:\/\/www.seedflowtrading.com\/wp-content\/uploads\/2026\/01\/pexels-photo-28903100-28903100-scaled.jpg 780w, https:\/\/www.seedflowtrading.com\/wp-content\/uploads\/2026\/01\/pexels-photo-28903100-28903100-scaled.jpg 360w\" sizes=\"auto, (max-width: 480px) 150px\" src=\"https:\/\/www.seedflowtrading.com\/wp-content\/uploads\/2026\/01\/pexels-photo-28903100-28903100-1024x683.jpg\" alt=\"Tractor navigating through a vibrant green mango orchard, engaging in agriculture work.\" class=\"uag-image-2212\" width=\"252\" height=\"252\" title=\"pexels photo 28903100 28903100\" loading=\"lazy\" role=\"img\"\/><\/figure><\/div>\n<\/div>\n<\/div><\/div>\n\n\n\n<div class=\"wp-block-uagb-container uagb-block-bc484325\">\n<div class=\"wp-block-uagb-container uagb-block-12ad88c7\">\n<div class=\"wp-block-uagb-info-box uagb-block-770ab822 uagb-infobox__content-wrap  uagb-infobox-icon-above-title uagb-infobox-image-valign-top wp-block-uagb-info-box--has-margin\"><div class=\"uagb-infobox-margin-wrapper\"><div class=\"uagb-ifb-content\"><div class=\"uagb-ifb-title-wrap\"><h2 class=\"uagb-ifb-title\"><strong>Exportation de fruits exotiques frais et s\u00e9ch\u00e9s<\/strong><\/h2><\/div><p class=\"uagb-ifb-desc\">SeedFlow Trading est sp\u00e9cialis\u00e9 dans <strong>l\u2019exportation de fruits exotiques frais et s\u00e9ch\u00e9s<\/strong>, en structurant l\u2019acc\u00e8s de la production agricole aux march\u00e9s internationaux \u00e0 travers des op\u00e9rations d\u2019exportation organis\u00e9es et fiables. <br>Nous travaillons en \u00e9troite collaboration avec les producteurs et les partenaires de transformation afin de ma\u00eetriser les \u00e9tapes cl\u00e9s telles que <strong>la s\u00e9lection, le tri, le conditionnement et la transformation<\/strong>, en veillant \u00e0 ce que les produits r\u00e9pondent aux exigences de qualit\u00e9 et de pr\u00e9sentation des acheteurs internationaux. Une attention particuli\u00e8re est port\u00e9e \u00e0 <strong>la pr\u00e9servation de la fra\u00eecheur, \u00e0 l\u2019optimisation de la dur\u00e9e de conservation<\/strong>, et au maintien des caract\u00e9ristiques des produits, tant pour les fruits frais que pour les fruits s\u00e9ch\u00e9s.<\/p><\/div><\/div><\/div>\n<\/div>\n\n\n\n<div class=\"wp-block-uagb-container uagb-block-4b07f275\">\n<div class=\"wp-block-uagb-image alignleft uagb-block-4af530da wp-block-uagb-image--layout-default wp-block-uagb-image--effect-static wp-block-uagb-image--align-left\"><figure class=\"wp-block-uagb-image__figure\"><img decoding=\"async\" srcset=\"https:\/\/www.seedflowtrading.com\/wp-content\/uploads\/2026\/01\/pexels-photo-30893227-30893227-1024x683.jpg ,https:\/\/www.seedflowtrading.com\/wp-content\/uploads\/2026\/01\/pexels-photo-30893227-30893227-scaled.jpg 780w, https:\/\/www.seedflowtrading.com\/wp-content\/uploads\/2026\/01\/pexels-photo-30893227-30893227-scaled.jpg 360w\" sizes=\"auto, (max-width: 480px) 150px\" src=\"https:\/\/www.seedflowtrading.com\/wp-content\/uploads\/2026\/01\/pexels-photo-30893227-30893227-1024x683.jpg\" alt=\"A vibrant collection of ripe mangoes showcasing their colorful natural hues.\" class=\"uag-image-2291\" width=\"550\" height=\"564\" title=\"pexels photo 30893227 30893227\" loading=\"lazy\" role=\"img\"\/><\/figure><\/div>\n\n\n\n<div class=\"wp-block-uagb-image aligncenter uagb-block-eae71b2d wp-block-uagb-image--layout-default wp-block-uagb-image--effect-static wp-block-uagb-image--align-center uag-blocks-common-selector\" style=\"--z-index-desktop:1;;--z-index-tablet:undefined;;--z-index-mobile:undefined;\"><figure class=\"wp-block-uagb-image__figure\"><img decoding=\"async\" srcset=\"https:\/\/www.seedflowtrading.com\/wp-content\/uploads\/2026\/01\/pexels-photo-262353-1024x682.jpeg ,https:\/\/www.seedflowtrading.com\/wp-content\/uploads\/2026\/01\/pexels-photo-262353.jpeg 780w, https:\/\/www.seedflowtrading.com\/wp-content\/uploads\/2026\/01\/pexels-photo-262353.jpeg 360w\" sizes=\"auto, (max-width: 480px) 150px\" src=\"https:\/\/www.seedflowtrading.com\/wp-content\/uploads\/2026\/01\/pexels-photo-262353-1024x682.jpeg\" alt=\"A colossal cargo ship loaded with containers navigates through calm waters against a vibrant sunset sky.\" class=\"uag-image-43\" width=\"252\" height=\"252\" title=\"pexels photo 262353\" loading=\"lazy\" role=\"img\"\/><\/figure><\/div>\n<\/div>\n<\/div>\n\n\n\n<div class=\"wp-block-uagb-container uagb-block-6c611b76\">\n<div class=\"wp-block-uagb-container uagb-block-e43c2d95\">\n<div class=\"wp-block-uagb-image alignleft uagb-block-96a3740a wp-block-uagb-image--layout-default wp-block-uagb-image--effect-static wp-block-uagb-image--align-left\"><figure class=\"wp-block-uagb-image__figure\"><img decoding=\"async\" srcset=\"https:\/\/www.seedflowtrading.com\/wp-content\/uploads\/2026\/01\/pexels-photo-1206597-1206597-1024x683.jpg ,https:\/\/www.seedflowtrading.com\/wp-content\/uploads\/2026\/01\/pexels-photo-1206597-1206597-scaled.jpg 780w, https:\/\/www.seedflowtrading.com\/wp-content\/uploads\/2026\/01\/pexels-photo-1206597-1206597-scaled.jpg 360w\" sizes=\"auto, (max-width: 480px) 150px\" src=\"https:\/\/www.seedflowtrading.com\/wp-content\/uploads\/2026\/01\/pexels-photo-1206597-1206597-1024x683.jpg\" alt=\"Close-up of a pineapple growing amidst lush tropical leaves, capturing vibrant natural beauty.\" class=\"uag-image-2286\" width=\"550\" height=\"564\" title=\"pexels photo 1206597 1206597\" loading=\"lazy\" role=\"img\"\/><\/figure><\/div>\n\n\n\n<div class=\"wp-block-uagb-image aligncenter uagb-block-8eb3655f wp-block-uagb-image--layout-default wp-block-uagb-image--effect-static wp-block-uagb-image--align-center uag-blocks-common-selector\" style=\"--z-index-desktop:1;;--z-index-tablet:undefined;;--z-index-mobile:undefined;\"><figure class=\"wp-block-uagb-image__figure\"><img decoding=\"async\" srcset=\"https:\/\/www.seedflowtrading.com\/wp-content\/uploads\/2026\/01\/sorting-and-drying-ananas-1024x576.jpeg ,https:\/\/www.seedflowtrading.com\/wp-content\/uploads\/2026\/01\/sorting-and-drying-ananas.jpeg 780w, https:\/\/www.seedflowtrading.com\/wp-content\/uploads\/2026\/01\/sorting-and-drying-ananas.jpeg 360w\" sizes=\"auto, (max-width: 480px) 150px\" src=\"https:\/\/www.seedflowtrading.com\/wp-content\/uploads\/2026\/01\/sorting-and-drying-ananas-1024x576.jpeg\" alt=\"sorting and drying ananas\" class=\"uag-image-2223\" width=\"252\" height=\"252\" title=\"sorting and drying ananas\" loading=\"lazy\" role=\"img\"\/><\/figure><\/div>\n<\/div>\n\n\n\n<div class=\"wp-block-uagb-container uagb-block-de869aca\">\n<div class=\"wp-block-uagb-info-box uagb-block-173895a0 uagb-infobox__content-wrap  uagb-infobox-icon-above-title uagb-infobox-image-valign-top wp-block-uagb-info-box--has-margin\"><div class=\"uagb-infobox-margin-wrapper\"><div class=\"uagb-ifb-content\"><div class=\"uagb-ifb-title-wrap\"><h2 class=\"uagb-ifb-title\">Production et transformation<\/h2><\/div><p class=\"uagb-ifb-desc\">SeedFlow Trading accompagne <strong>les activit\u00e9s de production agricole et de transformation agroalimentaire<\/strong> \u00e0 travers des op\u00e9rations structur\u00e9es couvrant des \u00e9tapes cl\u00e9s telles que le tri, le conditionnement, <strong>la gestion de la cha\u00eene du froid<\/strong>, et <strong>les processus de s\u00e9chage<\/strong>.<br>Notre approche vise \u00e0 aligner les exigences de production et de transformation sur les standards des acheteurs internationaux, \u00e0 r\u00e9duire les pertes post-r\u00e9colte et \u00e0 <strong>pr\u00e9server l\u2019int\u00e9grit\u00e9 des produits de la r\u00e9colte jusqu\u2019au march\u00e9<\/strong>. Gr\u00e2ce \u00e0 une coordination \u00e9troite avec les producteurs et les partenaires de transformation, SeedFlow Trading contribue \u00e0 des op\u00e9rations de transformation agroalimentaire efficaces, fiables et durables sur l\u2019ensemble de la cha\u00eene de valeur.<\/p><\/div><\/div><\/div>\n<\/div>\n<\/div>\n\n\n\n<div class=\"wp-block-uagb-container uagb-block-65240cb9\">\n<div class=\"wp-block-uagb-container uagb-block-ca86322d\">\n<div class=\"wp-block-uagb-info-box uagb-block-360c83f5 uagb-infobox__content-wrap  uagb-infobox-icon-above-title uagb-infobox-image-valign-top wp-block-uagb-info-box--has-margin\"><div class=\"uagb-infobox-margin-wrapper\"><div class=\"uagb-ifb-content\"><div class=\"uagb-ifb-title-wrap\"><h2 class=\"uagb-ifb-title\">\u00c9quipements agricoles<\/h2><\/div><p class=\"uagb-ifb-desc\">SeedFlow Trading facilite <strong>l\u2019acc\u00e8s \u00e0 des \u00e9quipements agricoles sp\u00e9cialis\u00e9s<\/strong> en mettant en relation les producteurs agricoles, et les op\u00e9rateurs agro-industriels avec des fournisseurs d\u2019\u00e9quipements professionnels.<br>En facilitant un acc\u00e8s mutualis\u00e9 et optimis\u00e9 \u00e0 des \u00e9quipements agricoles modernes, nous contribuons \u00e0 r\u00e9duire les contraintes op\u00e9rationnelles, \u00e0 am\u00e9liorer la productivit\u00e9 et \u00e0 <strong>soutenir la professionnalisation des exploitations agricoles<\/strong>, tout en maintenant une approche flexible et fond\u00e9e sur les partenariats.<\/p><\/div><\/div><\/div>\n<\/div>\n\n\n\n<div class=\"wp-block-uagb-container uagb-block-a42989c3\">\n<div class=\"wp-block-uagb-image alignleft uagb-block-2a6bfcea wp-block-uagb-image--layout-default wp-block-uagb-image--effect-static wp-block-uagb-image--align-left\"><figure class=\"wp-block-uagb-image__figure\"><img decoding=\"async\" srcset=\"https:\/\/www.seedflowtrading.com\/wp-content\/uploads\/2026\/01\/pexels-photo-2255801-2255801-1024x678.jpg ,https:\/\/www.seedflowtrading.com\/wp-content\/uploads\/2026\/01\/pexels-photo-2255801-2255801-scaled.jpg 780w, https:\/\/www.seedflowtrading.com\/wp-content\/uploads\/2026\/01\/pexels-photo-2255801-2255801-scaled.jpg 360w\" sizes=\"auto, (max-width: 480px) 150px\" src=\"https:\/\/www.seedflowtrading.com\/wp-content\/uploads\/2026\/01\/pexels-photo-2255801-2255801-1024x678.jpg\" alt=\"A tractor and truck collaborate in harvesting crops on a sunny farm field.\" class=\"uag-image-2233\" width=\"550\" height=\"564\" title=\"pexels photo 2255801 2255801\" loading=\"lazy\" role=\"img\"\/><\/figure><\/div>\n\n\n\n<div class=\"wp-block-uagb-image aligncenter uagb-block-70440c99 wp-block-uagb-image--layout-default wp-block-uagb-image--effect-static wp-block-uagb-image--align-center uag-blocks-common-selector\" style=\"--z-index-desktop:1;;--z-index-tablet:undefined;;--z-index-mobile:undefined;\"><figure class=\"wp-block-uagb-image__figure\"><img decoding=\"async\" srcset=\"https:\/\/www.seedflowtrading.com\/wp-content\/uploads\/2026\/01\/pexels-photo-18290480-e1768050220360.jpeg ,https:\/\/www.seedflowtrading.com\/wp-content\/uploads\/2026\/01\/pexels-photo-18290480-e1768050220360.jpeg 780w, https:\/\/www.seedflowtrading.com\/wp-content\/uploads\/2026\/01\/pexels-photo-18290480-e1768050220360.jpeg 360w\" sizes=\"auto, (max-width: 480px) 150px\" src=\"https:\/\/www.seedflowtrading.com\/wp-content\/uploads\/2026\/01\/pexels-photo-18290480-e1768050220360.jpeg\" alt=\"White cargo truck speeding through Vitebsk countryside at sunrise, symbolizing transportation and logistics.\" class=\"uag-image-44\" width=\"252\" height=\"252\" title=\"pexels photo 18290480\" loading=\"lazy\" role=\"img\"\/><\/figure><\/div>\n<\/div>\n<\/div>\n<\/div><\/div>\n\n\n\n<div class=\"wp-block-uagb-container uagb-block-01233b1d alignfull uagb-is-root-container\"><div class=\"uagb-container-inner-blocks-wrap\">\n<div class=\"wp-block-uagb-info-box uagb-block-d6296cb9 uagb-infobox__content-wrap  uagb-infobox-icon-above-title uagb-infobox-image-valign-top\"><div class=\"uagb-ifb-content\"><div class=\"uagb-ifb-title-wrap\"><\/div><\/div><\/div>\n\n\n\n<div class=\"wp-block-uagb-buttons uagb-buttons__outer-wrap uagb-btn__default-btn uagb-btn-tablet__default-btn uagb-btn-mobile__default-btn uagb-block-0e23ee78\"><div class=\"uagb-buttons__wrap uagb-buttons-layout-wrap\">\n<div class=\"wp-block-uagb-buttons-child uagb-buttons__outer-wrap uagb-block-6cb20356 wp-block-button\"><div class=\"uagb-button__wrapper\"><a class=\"uagb-buttons-repeater ast-outline-button\" aria-label=\"\" style=\"border-width:revert-layer\" href=\"\/fr\/contact\/\" rel=\"follow noopener\" target=\"_self\" role=\"button\"><div class=\"uagb-button__link\">Contactez-nous<\/div><\/a><\/div><\/div>\n<\/div><\/div>\n<\/div><\/div>","protected":false},"excerpt":{"rendered":"","protected":false},"author":1,"featured_media":0,"parent":0,"menu_order":0,"comment_status":"closed","ping_status":"closed","template":"","meta":{"_uag_custom_page_level_css":"","site-sidebar-layout":"no-sidebar","site-content-layout":"","ast-site-content-layout":"normal-width-container","site-content-style":"default","site-sidebar-style":"default","ast-global-header-display":"","ast-banner-title-visibility":"","ast-main-header-display":"","ast-hfb-above-header-display":"","ast-hfb-below-header-display":"","ast-hfb-mobile-header-display":"","site-post-title":"disabled","ast-breadcrumbs-content":"","ast-featured-img":"","footer-sml-layout":"","ast-disable-related-posts":"","theme-transparent-header-meta":"enabled","adv-header-id-meta":"","stick-header-meta":"","header-above-stick-meta":"","header-main-stick-meta":"","header-below-stick-meta":"","astra-migrate-meta-layouts":"default","ast-page-background-enabled":"default","ast-page-background-meta":{"desktop":{"background-color":"var(--ast-global-color-4)","background-image":"","background-repeat":"repeat","background-position":"center center","background-size":"auto","background-attachment":"scroll","background-type":"","background-media":"","overlay-type":"","overlay-color":"","overlay-opacity":"","overlay-gradient":""},"tablet":{"background-color":"","background-image":"","background-repeat":"repeat","background-position":"center center","background-size":"auto","background-attachment":"scroll","background-type":"","background-media":"","overlay-type":"","overlay-color":"","overlay-opacity":"","overlay-gradient":""},"mobile":{"background-color":"","background-image":"","background-repeat":"repeat","background-position":"center center","background-size":"auto","background-attachment":"scroll","background-type":"","background-media":"","overlay-type":"","overlay-color":"","overlay-opacity":"","overlay-gradient":""}},"ast-content-background-meta":{"desktop":{"background-color":"var(--ast-global-color-5)","background-image":"","background-repeat":"repeat","background-position":"center center","background-size":"auto","background-attachment":"scroll","background-type":"","background-media":"","overlay-type":"","overlay-color":"","overlay-opacity":"","overlay-gradient":""},"tablet":{"background-color":"var(--ast-global-color-5)","background-image":"","background-repeat":"repeat","background-position":"center center","background-size":"auto","background-attachment":"scroll","background-type":"","background-media":"","overlay-type":"","overlay-color":"","overlay-opacity":"","overlay-gradient":""},"mobile":{"background-color":"var(--ast-global-color-5)","background-image":"","background-repeat":"repeat","background-position":"center center","background-size":"auto","background-attachment":"scroll","background-type":"","background-media":"","overlay-type":"","overlay-color":"","overlay-opacity":"","overlay-gradient":""}},"footnotes":""},"class_list":["post-78","page","type-page","status-publish","hentry"],"uagb_featured_image_src":{"full":false,"thumbnail":false,"medium":false,"medium_large":false,"large":false,"1536x1536":false,"2048x2048":false,"trp-custom-language-flag":false},"uagb_author_info":{"display_name":"admin4384","author_link":"https:\/\/www.seedflowtrading.com\/fr\/author\/admin4384\/"},"uagb_comment_info":0,"uagb_excerpt":null,"_links":{"self":[{"href":"https:\/\/www.seedflowtrading.com\/fr\/wp-json\/wp\/v2\/pages\/78","targetHints":{"allow":["GET"]}}],"collection":[{"href":"https:\/\/www.seedflowtrading.com\/fr\/wp-json\/wp\/v2\/pages"}],"about":[{"href":"https:\/\/www.seedflowtrading.com\/fr\/wp-json\/wp\/v2\/types\/page"}],"author":[{"embeddable":true,"href":"https:\/\/www.seedflowtrading.com\/fr\/wp-json\/wp\/v2\/users\/1"}],"replies":[{"embeddable":true,"href":"https:\/\/www.seedflowtrading.com\/fr\/wp-json\/wp\/v2\/comments?post=78"}],"version-history":[{"count":33,"href":"https:\/\/www.seedflowtrading.com\/fr\/wp-json\/wp\/v2\/pages\/78\/revisions"}],"predecessor-version":[{"id":2307,"href":"https:\/\/www.seedflowtrading.com\/fr\/wp-json\/wp\/v2\/pages\/78\/revisions\/2307"}],"wp:attachment":[{"href":"https:\/\/www.seedflowtrading.com\/fr\/wp-json\/wp\/v2\/media?parent=78"}],"curies":[{"name":"wp","href":"https:\/\/api.w.org\/{rel}","templated":true}]}}