{"id":76,"date":"2026-01-09T10:23:36","date_gmt":"2026-01-09T10:23:36","guid":{"rendered":"https:\/\/www.seedflowtrading.com\/index.php\/home-2\/"},"modified":"2026-01-10T20:14:37","modified_gmt":"2026-01-10T20:14:37","slug":"home-2","status":"publish","type":"page","link":"https:\/\/www.seedflowtrading.com\/fr\/","title":{"rendered":"Home"},"content":{"rendered":"<div class=\"wp-block-uagb-container uagb-block-477a0fc4 alignfull uagb-is-root-container\"><div class=\"uagb-container-inner-blocks-wrap\">\n<div class=\"wp-block-uagb-info-box uagb-block-57834711 uagb-infobox__content-wrap  uagb-infobox-icon-above-title uagb-infobox-image-valign-top wp-block-uagb-info-box--has-margin\"><div class=\"uagb-infobox-margin-wrapper\"><div class=\"uagb-ifb-content\"><div class=\"uagb-ifb-title-wrap\"><span class=\"uagb-ifb-title-prefix\">Seedflow trading<\/span><h1 class=\"uagb-ifb-title\"><strong>Un trait d'union entre la production agricole et les march\u00e9s internationaux<\/strong><br><\/h1><\/div><p class=\"uagb-ifb-desc\">SeedFlow Trading op\u00e8re sur les semences et intrants agricoles, la production et la transformation, ainsi que l\u2019exportation de fruits exotiques frais et s\u00e9ch\u00e9s, en structurant l\u2019acc\u00e8s des fili\u00e8res agricoles aux march\u00e9s internationaux \u00e0 travers des cha\u00eenes de valeur durables et organis\u00e9es.<\/p><\/div><\/div><\/div>\n<\/div><\/div>\n\n\n\n<div class=\"wp-block-uagb-container uagb-block-a3b9b3f0 alignfull uagb-is-root-container\"><div class=\"uagb-container-inner-blocks-wrap\">\n<div class=\"wp-block-uagb-container uagb-block-18c4d01f alignfull uagb-is-root-container\"><div class=\"uagb-container-inner-blocks-wrap\">\n<div class=\"wp-block-uagb-container uagb-block-028a4bc4\">\n<div class=\"wp-block-uagb-container uagb-block-165f71e8\">\n<div class=\"wp-block-uagb-advanced-heading uagb-block-e9dfed3d\"><h2 class=\"uagb-heading-text\">01<\/h2><\/div>\n<\/div>\n\n\n\n<div class=\"wp-block-uagb-container uagb-block-fb2eef69\">\n<div class=\"wp-block-uagb-info-box uagb-block-5ebc1c2f uagb-infobox__content-wrap  uagb-infobox-icon-above-title uagb-infobox-image-valign-top\"><div class=\"uagb-ifb-content\"><div class=\"uagb-ifb-title-wrap\"><h3 class=\"uagb-ifb-title\">Semences et intrants agricoles<\/h3><\/div><p class=\"uagb-ifb-desc\">Approvisionnement et distribution de semences certifi\u00e9es et d\u2019intrants agricoles adapt\u00e9s aux conditions agronomiques locales. <\/p><div class=\"uagb-ifb-button-wrapper wp-block-button\"><a href=\"\/fr\/services\/\" class=\"uagb-infobox-cta-link wp-block-button__link\" target=\"_self\" rel=\"noopener noreferrer\" onclick=\"return true;\"><span class=\"uagb-inline-editing\">En savoir plus<\/span><\/a><\/div><\/div><\/div>\n<\/div>\n<\/div>\n\n\n\n<div class=\"wp-block-uagb-container uagb-block-3f241b81\">\n<div class=\"wp-block-uagb-container uagb-block-77d2d83a\">\n<div class=\"wp-block-uagb-advanced-heading uagb-block-2a9eba4c\"><h2 class=\"uagb-heading-text\">02<\/h2><\/div>\n<\/div>\n\n\n\n<div class=\"wp-block-uagb-container uagb-block-a19bcbce\">\n<div class=\"wp-block-uagb-info-box uagb-block-01fa7b66 uagb-infobox__content-wrap  uagb-infobox-icon-above-title uagb-infobox-image-valign-top\"><div class=\"uagb-ifb-content\"><div class=\"uagb-ifb-title-wrap\"><h3 class=\"uagb-ifb-title\"><strong>Exportation de fruits exotiques frais et s\u00e9ch\u00e9s<\/strong><\/h3><\/div><p class=\"uagb-ifb-desc\">Exportation de fruits exotiques frais et s\u00e9ch\u00e9s, en structurant l\u2019acc\u00e8s de la production ouest-africaine aux march\u00e9s internationaux.<\/p><div class=\"uagb-ifb-button-wrapper wp-block-button\"><a href=\"\/fr\/services\/\" class=\"uagb-infobox-cta-link wp-block-button__link\" target=\"_self\" rel=\"noopener noreferrer\" onclick=\"return true;\"><span class=\"uagb-inline-editing\">En savoir plus<\/span><\/a><\/div><\/div><\/div>\n<\/div>\n<\/div>\n<\/div><\/div>\n\n\n\n<div class=\"wp-block-uagb-container uagb-block-0beec613 alignfull uagb-is-root-container\"><div class=\"uagb-container-inner-blocks-wrap\">\n<div class=\"wp-block-uagb-container uagb-block-b28a6744\">\n<div class=\"wp-block-uagb-container uagb-block-b8c4f0db\">\n<div class=\"wp-block-uagb-advanced-heading uagb-block-1c4bacb0\"><h2 class=\"uagb-heading-text\">03<\/h2><\/div>\n<\/div>\n\n\n\n<div class=\"wp-block-uagb-container uagb-block-d5c48d5a\">\n<div class=\"wp-block-uagb-info-box uagb-block-3ae5427d uagb-infobox__content-wrap  uagb-infobox-icon-above-title uagb-infobox-image-valign-top\"><div class=\"uagb-ifb-content\"><div class=\"uagb-ifb-title-wrap\"><h3 class=\"uagb-ifb-title\">Production et transformation <\/h3><\/div><p class=\"uagb-ifb-desc\">Accompagnement des activit\u00e9s de production agricole et de transformation agroalimentaire, incluant le tri, le conditionnement et la transformation.<\/p><div class=\"uagb-ifb-button-wrapper wp-block-button\"><a href=\"\/fr\/services\/\" class=\"uagb-infobox-cta-link wp-block-button__link\" target=\"_self\" rel=\"noopener noreferrer\" onclick=\"return true;\"><span class=\"uagb-inline-editing\">En savoir plus<\/span><\/a><\/div><\/div><\/div>\n<\/div>\n<\/div>\n\n\n\n<div class=\"wp-block-uagb-container uagb-block-cd8dec2b\">\n<div class=\"wp-block-uagb-container uagb-block-00afc0e2\">\n<div class=\"wp-block-uagb-advanced-heading uagb-block-bd31a997\"><h2 class=\"uagb-heading-text\">04<\/h2><\/div>\n<\/div>\n\n\n\n<div class=\"wp-block-uagb-container uagb-block-4741967d\">\n<div class=\"wp-block-uagb-info-box uagb-block-0af607bb uagb-infobox__content-wrap  uagb-infobox-icon-above-title uagb-infobox-image-valign-top\"><div class=\"uagb-ifb-content\"><div class=\"uagb-ifb-title-wrap\"><h3 class=\"uagb-ifb-title\">\u00c9quipements agricoles<\/h3><\/div><p class=\"uagb-ifb-desc\">Mise en relation des producteurs agricoles avec des fournisseurs professionnels d\u2019\u00e9quipements, facilitant l\u2019acc\u00e8s \u00e0 des \u00e9quipements agricoles \u00e0 grande \u00e9chelle.<\/p><div class=\"uagb-ifb-button-wrapper wp-block-button\"><a href=\"\/fr\/services\/\" class=\"uagb-infobox-cta-link wp-block-button__link\" target=\"_self\" rel=\"noopener noreferrer\" onclick=\"return true;\"><span class=\"uagb-inline-editing\">En savoir plus<\/span><\/a><\/div><\/div><\/div>\n<\/div>\n<\/div>\n<\/div><\/div>\n<\/div><\/div>\n\n\n\n<div class=\"wp-block-uagb-container uagb-block-b3f37bc6 alignfull uagb-is-root-container\"><div class=\"uagb-container-inner-blocks-wrap\">\n<div class=\"wp-block-uagb-advanced-heading uagb-block-718b66ce\"><div class=\"uagb-separator\"><\/div><h2 class=\"uagb-heading-text\">D\u00e9couvrez notre positionnement et notre vision de l\u2019agriculture<\/h2><\/div>\n\n\n\n<div class=\"wp-block-uagb-container uagb-block-47d37494\">\n<div class=\"wp-block-group is-layout-constrained wp-block-group-is-layout-constrained\">\n<p><strong>SEEDFLOW TRADING<\/strong><\/p>\n\n\n\n<h3 class=\"wp-block-heading\">Votre partenaire de confiance<\/h3>\n\n\n\n<p class=\"translation-block\">SeedFlow Trading est <strong> une entreprise agro-industrielle et de n\u00e9goce<\/strong> d\u00e9di\u00e9e au renforcement des cha\u00eenes de valeur agricoles, op\u00e9rant en Afrique de l\u2019Ouest, en Europe et au-del\u00e0.\nNos activit\u00e9s visent \u00e0 soutenir des op\u00e9rations agricoles efficaces, conformes et durables, align\u00e9es sur les exigences des march\u00e9s internationaux.<\/p>\n\n\n\n<p class=\"translation-block\">Nous intervenons dans <strong>l\u2019approvisionnement, l\u2019importation et la distribution d\u2019intrants agricoles de haute qualit\u00e9 et de semences certifi\u00e9es<\/strong>, tout en accompagnant des activit\u00e9s structur\u00e9es de production agricole, de <strong>transformation et d\u2019exportation<\/strong>.\nNotre approche int\u00e9gr\u00e9e permet de connecter producteurs et partenaires agro-industriels aux march\u00e9s internationaux \u00e0 travers des cha\u00eenes d\u2019approvisionnement fiables et des partenariats de long terme.<\/p>\n\n\n\n<p class=\"translation-block\">En intervenant \u00e0 <strong>plusieurs niveaux de la cha\u00eene de valeur<\/strong>, SeedFlow Trading contribue \u00e0 l\u2019am\u00e9lioration de la productivit\u00e9, \u00e0 la constance de la qualit\u00e9 des produits et \u00e0 la cr\u00e9ation de valeur durable, au b\u00e9n\u00e9fice des acteurs agricoles comme des acheteurs internationaux.<\/p>\n<\/div>\n\n\n\n<div class=\"wp-block-uagb-container uagb-block-4ad04907\">\n<div class=\"wp-block-uagb-image alignleft uagb-block-1cd7c803 wp-block-uagb-image--layout-default wp-block-uagb-image--effect-static wp-block-uagb-image--align-left\"><figure class=\"wp-block-uagb-image__figure\"><img decoding=\"async\" srcset=\"https:\/\/www.seedflowtrading.com\/wp-content\/uploads\/2026\/01\/pexels-photo-955395-955395-1024x684.jpg ,https:\/\/www.seedflowtrading.com\/wp-content\/uploads\/2026\/01\/pexels-photo-955395-955395-scaled.jpg 780w, https:\/\/www.seedflowtrading.com\/wp-content\/uploads\/2026\/01\/pexels-photo-955395-955395-scaled.jpg 360w\" sizes=\"auto, (max-width: 480px) 150px\" src=\"https:\/\/www.seedflowtrading.com\/wp-content\/uploads\/2026\/01\/pexels-photo-955395-955395-1024x684.jpg\" alt=\"Close-up of two men's handshake symbolizing agreement in an office.\" class=\"uag-image-2282\" width=\"302\" height=\"431\" title=\"pexels photo 955395 955395\" loading=\"lazy\" role=\"img\"\/><\/figure><\/div>\n\n\n\n<div class=\"wp-block-uagb-image alignleft uagb-block-4573c1e2 wp-block-uagb-image--layout-default wp-block-uagb-image--effect-static wp-block-uagb-image--align-left\"><figure class=\"wp-block-uagb-image__figure\"><img decoding=\"async\" srcset=\"https:\/\/www.seedflowtrading.com\/wp-content\/uploads\/2026\/01\/ear-cereals-infructescence-staple-food-162769.jpeg ,https:\/\/www.seedflowtrading.com\/wp-content\/uploads\/2026\/01\/ear-cereals-infructescence-staple-food-162769.jpeg 780w, https:\/\/www.seedflowtrading.com\/wp-content\/uploads\/2026\/01\/ear-cereals-infructescence-staple-food-162769.jpeg 360w\" sizes=\"auto, (max-width: 480px) 150px\" src=\"https:\/\/www.seedflowtrading.com\/wp-content\/uploads\/2026\/01\/ear-cereals-infructescence-staple-food-162769.jpeg\" alt=\"Close-up of ripe golden wheat ready for harvest under a clear blue sky.\" class=\"uag-image-45\" width=\"228\" height=\"332\" title=\"Home\" loading=\"lazy\" role=\"img\"><\/figure><\/div>\n<\/div>\n<\/div>\n<\/div><\/div>\n\n\n\n\n\n<div class=\"wp-block-uagb-container uagb-block-2124acfe alignfull uagb-is-root-container\"><div class=\"uagb-container-inner-blocks-wrap\">\n<div class=\"wp-block-uagb-container uagb-block-9dce9a7e\">\n<div class=\"wp-block-uagb-info-box uagb-block-5fd45856 uagb-infobox__content-wrap  uagb-infobox-icon-above-title uagb-infobox-image-valign-top wp-block-uagb-info-box--has-margin\"><div class=\"uagb-infobox-margin-wrapper\"><div class=\"uagb-ifb-content\"><div class=\"uagb-ifb-title-wrap\"><h3 class=\"uagb-ifb-title\">Ce qui nous distingue<\/h3><\/div><\/div><\/div><\/div>\n\n\n\n<div class=\"wp-block-uagb-advanced-heading uagb-block-fd4f4bb7\"><h4 class=\"uagb-heading-text\">SeedFlow Trading se distingue par une approche rigoureuse et structur\u00e9e autour de la cha\u00eene de valeur. Elle est ax\u00e9e sur l\u2019efficacit\u00e9, la qualit\u00e9 et une connectivit\u00e9 durable avec les march\u00e9s internationaux.<\/h4><\/div>\n\n\n\n<div class=\"wp-block-uagb-icon-list uagb-block-5ae92a72\"><div class=\"uagb-icon-list__wrap\">\n<div class=\"wp-block-uagb-icon-list-child uagb-block-ae8a85a2\"><span class=\"uagb-icon-list__source-wrap\"><svg xmlns=\"https:\/\/www.w3.org\/2000\/svg\" viewbox=\"0 0 320 512\"><path d=\"M96 480c-8.188 0-16.38-3.125-22.62-9.375c-12.5-12.5-12.5-32.75 0-45.25L242.8 256L73.38 86.63c-12.5-12.5-12.5-32.75 0-45.25s32.75-12.5 45.25 0l192 192c12.5 12.5 12.5 32.75 0 45.25l-192 192C112.4 476.9 104.2 480 96 480z\"><\/path><\/svg><\/span><span class=\"uagb-icon-list__label\"><strong>Cha\u00eene de valeur int\u00e9gr\u00e9e<\/strong><\/span><\/div>\n\n\n\n<div class=\"wp-block-uagb-icon-list-child uagb-block-433f4caf\"><span class=\"uagb-icon-list__label\">Des intrants \u00e0 l\u2019exportation, nous garantissons la continuit\u00e9 et la qualit\u00e9 sur l\u2019ensemble de la cha\u00eene de valeur agricole.<\/span><\/div>\n\n\n\n<div class=\"wp-block-uagb-icon-list-child uagb-block-8117efda\"><span class=\"uagb-icon-list__source-wrap\"><svg xmlns=\"https:\/\/www.w3.org\/2000\/svg\" viewbox=\"0 0 320 512\"><path d=\"M96 480c-8.188 0-16.38-3.125-22.62-9.375c-12.5-12.5-12.5-32.75 0-45.25L242.8 256L73.38 86.63c-12.5-12.5-12.5-32.75 0-45.25s32.75-12.5 45.25 0l192 192c12.5 12.5 12.5 32.75 0 45.25l-192 192C112.4 476.9 104.2 480 96 480z\"><\/path><\/svg><\/span><span class=\"uagb-icon-list__label\"><strong>Qualit\u00e9 et conformit\u00e9<\/strong><\/span><\/div>\n\n\n\n<div class=\"wp-block-uagb-icon-list-child uagb-block-699ae72c\"><span class=\"uagb-icon-list__label\">Des standards internationaux, une tra\u00e7abilit\u00e9 rigoureuse et la conformit\u00e9 au c\u0153ur de chacune de nos op\u00e9rations.<\/span><\/div>\n\n\n\n<div class=\"wp-block-uagb-icon-list-child uagb-block-45d49624\"><span class=\"uagb-icon-list__source-wrap\"><svg xmlns=\"https:\/\/www.w3.org\/2000\/svg\" viewbox=\"0 0 320 512\"><path d=\"M96 480c-8.188 0-16.38-3.125-22.62-9.375c-12.5-12.5-12.5-32.75 0-45.25L242.8 256L73.38 86.63c-12.5-12.5-12.5-32.75 0-45.25s32.75-12.5 45.25 0l192 192c12.5 12.5 12.5 32.75 0 45.25l-192 192C112.4 476.9 104.2 480 96 480z\"><\/path><\/svg><\/span><span class=\"uagb-icon-list__label\"><strong>Acc\u00e8s aux march\u00e9s<\/strong><\/span><\/div>\n\n\n\n<div class=\"wp-block-uagb-icon-list-child uagb-block-fab654f6\"><span class=\"uagb-icon-list__label\">Structurer l\u2019acc\u00e8s de la production agricole aux march\u00e9s mondiaux \u00e0 travers des solutions de commerce organis\u00e9es.<\/span><\/div>\n\n\n\n<div class=\"wp-block-uagb-icon-list-child uagb-block-8ce33bdd\"><span class=\"uagb-icon-list__source-wrap\"><svg xmlns=\"https:\/\/www.w3.org\/2000\/svg\" viewbox=\"0 0 320 512\"><path d=\"M96 480c-8.188 0-16.38-3.125-22.62-9.375c-12.5-12.5-12.5-32.75 0-45.25L242.8 256L73.38 86.63c-12.5-12.5-12.5-32.75 0-45.25s32.75-12.5 45.25 0l192 192c12.5 12.5 12.5 32.75 0 45.25l-192 192C112.4 476.9 104.2 480 96 480z\"><\/path><\/svg><\/span><span class=\"uagb-icon-list__label\"><strong><strong>Mod\u00e8le flexible et \u00e0 faible capitalisation<\/strong><\/strong><\/span><\/div>\n\n\n\n<div class=\"wp-block-uagb-icon-list-child uagb-block-d2f4ff1f\"><span class=\"uagb-icon-list__label\">Une approche fond\u00e9e sur les partenariats, offrant efficacit\u00e9, capacit\u00e9 de mont\u00e9e en charge et r\u00e9silience op\u00e9rationnelle.<\/span><\/div>\n<\/div><\/div>\n<\/div>\n\n\n\n<div class=\"wp-block-uagb-container uagb-block-5ec21076\">\n<div class=\"wp-block-uagb-container uagb-block-8c32ad9f\">\n<div class=\"wp-block-uagb-image aligncenter uagb-block-d0d08f49 wp-block-uagb-image--layout-default wp-block-uagb-image--effect-static wp-block-uagb-image--align-center\"><figure class=\"wp-block-uagb-image__figure\"><img decoding=\"async\" srcset=\"https:\/\/www.seedflowtrading.com\/wp-content\/uploads\/2026\/01\/pexels-photo-7728011.jpeg ,https:\/\/www.seedflowtrading.com\/wp-content\/uploads\/2026\/01\/pexels-photo-7728011.jpeg 780w, https:\/\/www.seedflowtrading.com\/wp-content\/uploads\/2026\/01\/pexels-photo-7728011.jpeg 360w\" sizes=\"auto, (max-width: 480px) 150px\" src=\"https:\/\/www.seedflowtrading.com\/wp-content\/uploads\/2026\/01\/pexels-photo-7728011.jpeg\" alt=\"Close-up of small seedlings sprouting in a rectangular container.\" class=\"uag-image-47\" width=\"253\" height=\"256\" title=\"Home\" loading=\"lazy\" role=\"img\"><\/figure><\/div>\n\n\n\n<div class=\"wp-block-uagb-advanced-heading uagb-block-b1633a99\"><p class=\"uagb-desc-text\">Cha\u00eene de valeur int\u00e9gr\u00e9e<\/p><\/div>\n<\/div>\n\n\n\n<div class=\"wp-block-uagb-container uagb-block-bae73cbe\">\n<div class=\"wp-block-uagb-image aligncenter uagb-block-56f0ac27 wp-block-uagb-image--layout-default wp-block-uagb-image--effect-static wp-block-uagb-image--align-center\"><figure class=\"wp-block-uagb-image__figure\"><img decoding=\"async\" srcset=\"https:\/\/www.seedflowtrading.com\/wp-content\/uploads\/2026\/01\/pexels-photo-5945739-683x1024.jpeg ,https:\/\/www.seedflowtrading.com\/wp-content\/uploads\/2026\/01\/pexels-photo-5945739.jpeg 780w, https:\/\/www.seedflowtrading.com\/wp-content\/uploads\/2026\/01\/pexels-photo-5945739.jpeg 360w\" sizes=\"auto, (max-width: 480px) 150px\" src=\"https:\/\/www.seedflowtrading.com\/wp-content\/uploads\/2026\/01\/pexels-photo-5945739-683x1024.jpeg\" alt=\"Bright halved ripe papaya on a light mint background, showcasing its vibrant seeds.\" class=\"uag-image-48\" width=\"253\" height=\"256\" title=\"pexels photo 5945739\" loading=\"lazy\" role=\"img\"\/><\/figure><\/div>\n\n\n\n<div class=\"wp-block-uagb-advanced-heading uagb-block-dc14e412\"><p class=\"uagb-desc-text\">Qualit\u00e9 et conformit\u00e9<\/p><\/div>\n<\/div>\n\n\n\n<div class=\"wp-block-uagb-container uagb-block-b1cd842c\">\n<div class=\"wp-block-uagb-image uagb-block-8a150949 wp-block-uagb-image--layout-default wp-block-uagb-image--effect-static wp-block-uagb-image--align-none\"><figure class=\"wp-block-uagb-image__figure\"><img decoding=\"async\" srcset=\"https:\/\/www.seedflowtrading.com\/wp-content\/uploads\/2026\/01\/pexels-photo-17861902-1024x996.jpeg ,https:\/\/www.seedflowtrading.com\/wp-content\/uploads\/2026\/01\/pexels-photo-17861902.jpeg 780w, https:\/\/www.seedflowtrading.com\/wp-content\/uploads\/2026\/01\/pexels-photo-17861902.jpeg 360w\" sizes=\"auto, (max-width: 480px) 150px\" src=\"https:\/\/www.seedflowtrading.com\/wp-content\/uploads\/2026\/01\/pexels-photo-17861902-1024x996.jpeg\" alt=\"Drone shot of a container ship sailing under a cable-stayed bridge over a river.\" class=\"uag-image-52\" width=\"253\" height=\"256\" title=\"pexels photo 17861902\" loading=\"lazy\" role=\"img\"\/><\/figure><\/div>\n\n\n\n<div class=\"wp-block-uagb-advanced-heading uagb-block-5a24e363\"><p class=\"uagb-desc-text\">Acc\u00e8s aux march\u00e9s<\/p><\/div>\n<\/div>\n\n\n\n<div class=\"wp-block-uagb-container uagb-block-986ec342\">\n<div class=\"wp-block-uagb-image uagb-block-24f5cfd0 wp-block-uagb-image--layout-default wp-block-uagb-image--effect-static wp-block-uagb-image--align-none\"><figure class=\"wp-block-uagb-image__figure\"><img decoding=\"async\" srcset=\"https:\/\/www.seedflowtrading.com\/wp-content\/uploads\/2026\/01\/pexels-photo-1333396-1024x682.jpeg ,https:\/\/www.seedflowtrading.com\/wp-content\/uploads\/2026\/01\/pexels-photo-1333396.jpeg 780w, https:\/\/www.seedflowtrading.com\/wp-content\/uploads\/2026\/01\/pexels-photo-1333396.jpeg 360w\" sizes=\"auto, (max-width: 480px) 150px\" src=\"https:\/\/www.seedflowtrading.com\/wp-content\/uploads\/2026\/01\/pexels-photo-1333396-1024x682.jpeg\" alt=\"Peaceful stream flowing over rocks in a lush forest setting, capturing nature's serenity.\" class=\"uag-image-51\" width=\"253\" height=\"256\" title=\"pexels photo 1333396\" loading=\"lazy\" role=\"img\"\/><\/figure><\/div>\n\n\n\n<div class=\"wp-block-uagb-advanced-heading uagb-block-e50e4974\"><p class=\"uagb-desc-text\">Mod\u00e8le flexible et \u00e0 faible capitalisation<\/p><\/div>\n<\/div>\n<\/div>\n<\/div><\/div>\n\n\n\n<div class=\"wp-block-uagb-container uagb-block-258278ba alignfull uagb-is-root-container\"><div class=\"uagb-container-inner-blocks-wrap\">\n<div class=\"wp-block-uagb-container uagb-block-03c33b36 alignfull uagb-is-root-container\"><div class=\"uagb-container-inner-blocks-wrap\">\n<div class=\"wp-block-uagb-container uagb-block-1a29e84d\">\n<div class=\"wp-block-uagb-info-box uagb-block-c9870568 uagb-infobox__content-wrap  uagb-infobox-icon-above-title uagb-infobox-image-valign-top\"><div class=\"uagb-ifb-content\"><div class=\"uagb-ifb-title-wrap\"><span class=\"uagb-ifb-title-prefix\">Travaillons ensemble<\/span><h3 class=\"uagb-ifb-title\">D\u00e9couvrez comment SeedFlow Trading peut soutenir vos activit\u00e9s li\u00e9es aux intrants agricoles, aux fruits exotiques, \u00e0 la transformation et \u00e0 l\u2019exportation.<\/h3><\/div><\/div><\/div>\n\n\n\n<div class=\"wp-block-uagb-buttons uagb-buttons__outer-wrap uagb-btn__default-btn uagb-btn-tablet__default-btn uagb-btn-mobile__default-btn uagb-block-02a55f95\"><div class=\"uagb-buttons__wrap uagb-buttons-layout-wrap\">\n<div class=\"wp-block-uagb-buttons-child uagb-buttons__outer-wrap uagb-block-2308c833 wp-block-button\"><div class=\"uagb-button__wrapper\"><a class=\"uagb-buttons-repeater ast-outline-button\" aria-label=\"\" style=\"border-width:revert-layer\" href=\"\/fr\/contact\/\" rel=\"follow noopener\" target=\"_self\" role=\"button\"><div class=\"uagb-button__link\">Contactez-nous<\/div><\/a><\/div><\/div>\n<\/div><\/div>\n<\/div>\n<\/div><\/div>\n<\/div><\/div>","protected":false},"excerpt":{"rendered":"<p>01 02 03 04 Discover Our Journey and Vision in Agriculture SEEDFLOW TRADING Your Trusted Partner SeedFlow Trading is a [&hellip;]<\/p>","protected":false},"author":1,"featured_media":0,"parent":0,"menu_order":0,"comment_status":"closed","ping_status":"closed","template":"","meta":{"_uag_custom_page_level_css":"","site-sidebar-layout":"no-sidebar","site-content-layout":"","ast-site-content-layout":"full-width-container","site-content-style":"boxed","site-sidebar-style":"default","ast-global-header-display":"","ast-banner-title-visibility":"","ast-main-header-display":"","ast-hfb-above-header-display":"","ast-hfb-below-header-display":"","ast-hfb-mobile-header-display":"","site-post-title":"disabled","ast-breadcrumbs-content":"","ast-featured-img":"","footer-sml-layout":"","ast-disable-related-posts":"","theme-transparent-header-meta":"enabled","adv-header-id-meta":"","stick-header-meta":"","header-above-stick-meta":"","header-main-stick-meta":"","header-below-stick-meta":"","astra-migrate-meta-layouts":"default","ast-page-background-enabled":"default","ast-page-background-meta":{"desktop":{"background-color":"var(--ast-global-color-4)","background-image":"","background-repeat":"repeat","background-position":"center center","background-size":"auto","background-attachment":"scroll","background-type":"","background-media":"","overlay-type":"","overlay-color":"","overlay-opacity":"","overlay-gradient":""},"tablet":{"background-color":"","background-image":"","background-repeat":"repeat","background-position":"center center","background-size":"auto","background-attachment":"scroll","background-type":"","background-media":"","overlay-type":"","overlay-color":"","overlay-opacity":"","overlay-gradient":""},"mobile":{"background-color":"","background-image":"","background-repeat":"repeat","background-position":"center center","background-size":"auto","background-attachment":"scroll","background-type":"","background-media":"","overlay-type":"","overlay-color":"","overlay-opacity":"","overlay-gradient":""}},"ast-content-background-meta":{"desktop":{"background-color":"var(--ast-global-color-5)","background-image":"","background-repeat":"repeat","background-position":"center center","background-size":"auto","background-attachment":"scroll","background-type":"","background-media":"","overlay-type":"","overlay-color":"","overlay-opacity":"","overlay-gradient":""},"tablet":{"background-color":"var(--ast-global-color-5)","background-image":"","background-repeat":"repeat","background-position":"center center","background-size":"auto","background-attachment":"scroll","background-type":"","background-media":"","overlay-type":"","overlay-color":"","overlay-opacity":"","overlay-gradient":""},"mobile":{"background-color":"var(--ast-global-color-5)","background-image":"","background-repeat":"repeat","background-position":"center center","background-size":"auto","background-attachment":"scroll","background-type":"","background-media":"","overlay-type":"","overlay-color":"","overlay-opacity":"","overlay-gradient":""}},"footnotes":""},"class_list":["post-76","page","type-page","status-publish","hentry"],"uagb_featured_image_src":{"full":false,"thumbnail":false,"medium":false,"medium_large":false,"large":false,"1536x1536":false,"2048x2048":false,"trp-custom-language-flag":false},"uagb_author_info":{"display_name":"admin4384","author_link":"https:\/\/www.seedflowtrading.com\/fr\/author\/admin4384\/"},"uagb_comment_info":0,"uagb_excerpt":"01 02 03 04 Discover Our Journey and Vision in Agriculture SEEDFLOW TRADING Your Trusted Partner SeedFlow Trading is a [&hellip;]","_links":{"self":[{"href":"https:\/\/www.seedflowtrading.com\/fr\/wp-json\/wp\/v2\/pages\/76","targetHints":{"allow":["GET"]}}],"collection":[{"href":"https:\/\/www.seedflowtrading.com\/fr\/wp-json\/wp\/v2\/pages"}],"about":[{"href":"https:\/\/www.seedflowtrading.com\/fr\/wp-json\/wp\/v2\/types\/page"}],"author":[{"embeddable":true,"href":"https:\/\/www.seedflowtrading.com\/fr\/wp-json\/wp\/v2\/users\/1"}],"replies":[{"embeddable":true,"href":"https:\/\/www.seedflowtrading.com\/fr\/wp-json\/wp\/v2\/comments?post=76"}],"version-history":[{"count":45,"href":"https:\/\/www.seedflowtrading.com\/fr\/wp-json\/wp\/v2\/pages\/76\/revisions"}],"predecessor-version":[{"id":2313,"href":"https:\/\/www.seedflowtrading.com\/fr\/wp-json\/wp\/v2\/pages\/76\/revisions\/2313"}],"wp:attachment":[{"href":"https:\/\/www.seedflowtrading.com\/fr\/wp-json\/wp\/v2\/media?parent=76"}],"curies":[{"name":"wp","href":"https:\/\/api.w.org\/{rel}","templated":true}]}}