{"id":2322,"date":"2026-02-01T21:27:46","date_gmt":"2026-02-01T21:27:46","guid":{"rendered":"https:\/\/www.seedflowtrading.com\/?page_id=2322"},"modified":"2026-02-02T22:18:25","modified_gmt":"2026-02-02T22:18:25","slug":"exotic-fruits-export","status":"publish","type":"page","link":"https:\/\/www.seedflowtrading.com\/fr\/exotic-fruits-export\/","title":{"rendered":"Export de fruits exotiques"},"content":{"rendered":"<div class=\"wp-block-uagb-container uagb-block-boiqzatb alignfull uagb-is-root-container\"><div class=\"uagb-container-inner-blocks-wrap\">\n<div class=\"wp-block-uagb-info-box uagb-block-9njsj579 uagb-infobox__content-wrap  uagb-infobox-icon-above-title uagb-infobox-image-valign-top\"><div class=\"uagb-ifb-content\"><div class=\"uagb-ifb-title-wrap\"><\/div><p class=\"uagb-ifb-desc\">Approvisionnement agricole \u00e0 l\u2019origine, transformation et exportation de fruits exotiques.<\/p><\/div><\/div>\n\n\n\n<div class=\"wp-block-uagb-info-box uagb-block-ajsc1afx uagb-infobox__content-wrap  uagb-infobox-icon-above-title uagb-infobox-image-valign-top\"><div class=\"uagb-ifb-content\"><div class=\"uagb-ifb-title-wrap\"><h1 class=\"uagb-ifb-title\">Fruits exotiques frais &amp; s\u00e9ch\u00e9s<\/h1><\/div><\/div><\/div>\n<\/div><\/div>\n\n\n\n<div class=\"wp-block-uagb-container uagb-block-mbj6v7dj alignfull uagb-is-root-container\"><div class=\"uagb-container-inner-blocks-wrap\">\n<div class=\"wp-block-uagb-info-box uagb-block-gzue8qra uagb-infobox__content-wrap  uagb-infobox-icon-above-title uagb-infobox-image-valign-top\"><div class=\"uagb-ifb-content\"><div class=\"uagb-ifb-title-wrap\"><h2 class=\"uagb-ifb-title\">Fiches produits<\/h2><\/div><p class=\"uagb-ifb-desc\">T\u00e9l\u00e9chargez les fiches produits d\u00e9taill\u00e9es incluant sp\u00e9cifications, origines, proc\u00e9d\u00e9s et conditions commerciales.<\/p><\/div><\/div>\n\n\n\n<div class=\"wp-block-uagb-container uagb-layout-grid uagb-block-9bwpgx0z\">\n<div class=\"wp-block-uagb-container uagb-block-oohbvozk\">\n<div class=\"wp-block-uagb-image alignleft uagb-block-yjvruycv wp-block-uagb-image--layout-default wp-block-uagb-image--effect-static wp-block-uagb-image--align-left\"><figure class=\"wp-block-uagb-image__figure\"><img decoding=\"async\" srcset=\"https:\/\/www.seedflowtrading.com\/wp-content\/uploads\/2026\/01\/pexels-photo-30893227-30893227-1024x683.jpg ,https:\/\/www.seedflowtrading.com\/wp-content\/uploads\/2026\/01\/pexels-photo-30893227-30893227-scaled.jpg 780w, https:\/\/www.seedflowtrading.com\/wp-content\/uploads\/2026\/01\/pexels-photo-30893227-30893227-scaled.jpg 360w\" sizes=\"auto, (max-width: 480px) 150px\" src=\"https:\/\/www.seedflowtrading.com\/wp-content\/uploads\/2026\/01\/pexels-photo-30893227-30893227-1024x683.jpg\" alt=\"A vibrant collection of ripe mangoes showcasing their colorful natural hues.\" class=\"uag-image-2291\" width=\"384\" height=\"288\" title=\"pexels photo 30893227 30893227\" loading=\"lazy\" role=\"img\"\/><\/figure><\/div>\n\n\n\n<div class=\"wp-block-uagb-info-box uagb-block-66sup9vl uagb-infobox__content-wrap  uagb-infobox-icon-above-title uagb-infobox-image-valign-top\"><div class=\"uagb-ifb-content\"><div class=\"uagb-ifb-title-wrap\"><h3 class=\"uagb-ifb-title\">Mangue fra\u00eeche<\/h3><\/div><p class=\"uagb-ifb-desc\">La mangue Kent est une vari\u00e9t\u00e9 reconnue sur les march\u00e9s europ\u00e9ens pour sa chair tr\u00e8s faiblement fibreuse, sa texture fondante et son go\u00fbt sucr\u00e9 \u00e9quilibr\u00e9. Elle pr\u00e9sente une excellente aptitude au transport, notamment en maritime, et une bonne stabilit\u00e9 post-r\u00e9colte.<\/p><\/div><\/div>\n\n\n\n<div class=\"wp-block-uagb-buttons uagb-buttons__outer-wrap uagb-btn__default-btn uagb-btn-tablet__default-btn uagb-btn-mobile__default-btn uagb-block-dtshhabc\"><div class=\"uagb-buttons__wrap uagb-buttons-layout-wrap\">\n<div class=\"wp-block-uagb-buttons-child uagb-buttons__outer-wrap uagb-block-c17b7e58 wp-block-button\"><div class=\"uagb-button__wrapper\"><a class=\"uagb-buttons-repeater wp-block-button__link\" aria-label=\"\" href=\"http:\/\/www.seedflowtrading.com\/wp-content\/uploads\/2026\/02\/Fiche_Produit_Mangue_Kent_SeedFlow_FR.docx.pdf\" rel=\"follow noopener\" target=\"_blank\" role=\"button\"><div class=\"uagb-button__link\">T\u00e9l\u00e9charger<\/div><span class=\"uagb-button__icon uagb-button__icon-position-after\"><svg xmlns=\"https:\/\/www.w3.org\/2000\/svg\" viewbox=\"0 0 256 512\" aria-hidden=\"true\" focussable=\"false\"><path d=\"M64 448c-8.188 0-16.38-3.125-22.62-9.375c-12.5-12.5-12.5-32.75 0-45.25L178.8 256L41.38 118.6c-12.5-12.5-12.5-32.75 0-45.25s32.75-12.5 45.25 0l160 160c12.5 12.5 12.5 32.75 0 45.25l-160 160C80.38 444.9 72.19 448 64 448z\"><\/path><\/svg><\/span><\/a><\/div><\/div>\n<\/div><\/div>\n<\/div>\n\n\n\n<div class=\"wp-block-uagb-container uagb-block-dsiieq88\">\n<div class=\"wp-block-uagb-image alignleft uagb-block-mizfionf wp-block-uagb-image--layout-default wp-block-uagb-image--effect-static wp-block-uagb-image--align-left\"><figure class=\"wp-block-uagb-image__figure\"><img decoding=\"async\" srcset=\"https:\/\/www.seedflowtrading.com\/wp-content\/uploads\/2026\/02\/pexels-photo-4499212-4499212-683x1024.jpg ,https:\/\/www.seedflowtrading.com\/wp-content\/uploads\/2026\/02\/pexels-photo-4499212-4499212-scaled.jpg 780w, https:\/\/www.seedflowtrading.com\/wp-content\/uploads\/2026\/02\/pexels-photo-4499212-4499212-scaled.jpg 360w\" sizes=\"auto, (max-width: 480px) 150px\" src=\"https:\/\/www.seedflowtrading.com\/wp-content\/uploads\/2026\/02\/pexels-photo-4499212-4499212-683x1024.jpg\" alt=\"Bright and tasty homemade mango chips in a bowl, perfect for a healthy snack.\" class=\"uag-image-2358\" width=\"384\" height=\"288\" title=\"pexels photo 4499212 4499212\" loading=\"lazy\" role=\"img\"\/><\/figure><\/div>\n\n\n\n<div class=\"wp-block-uagb-info-box uagb-block-amps7gek uagb-infobox__content-wrap  uagb-infobox-icon-above-title uagb-infobox-image-valign-top\"><div class=\"uagb-ifb-content\"><div class=\"uagb-ifb-title-wrap\"><h3 class=\"uagb-ifb-title\">Mangue s\u00e9ch\u00e9e<\/h3><\/div><p class=\"uagb-ifb-desc\">La mangue s\u00e9ch\u00e9e est obtenue par un proc\u00e9d\u00e9 de d\u00e9shydratation industrielle contr\u00f4l\u00e9e, permettant de pr\u00e9server les qualit\u00e9s organoleptiques du fruit tout en assurant une stabilit\u00e9 microbiologique et une dur\u00e9e de conservation prolong\u00e9e.<\/p><\/div><\/div>\n\n\n\n<div class=\"wp-block-group is-layout-constrained wp-block-group-is-layout-constrained\">\n<div class=\"wp-block-group is-layout-constrained wp-block-group-is-layout-constrained\">\n<div class=\"wp-block-uagb-buttons uagb-buttons__outer-wrap uagb-btn__default-btn uagb-btn-tablet__default-btn uagb-btn-mobile__default-btn uagb-block-nqth7xhv\"><div class=\"uagb-buttons__wrap uagb-buttons-layout-wrap\">\n<div class=\"wp-block-uagb-buttons-child uagb-buttons__outer-wrap uagb-block-d3abe6ed wp-block-button\"><div class=\"uagb-button__wrapper\"><a class=\"uagb-buttons-repeater wp-block-button__link\" aria-label=\"\" href=\"http:\/\/www.seedflowtrading.com\/wp-content\/uploads\/2026\/02\/Fiche_Produit_Mangue_Sechee_SeedFlow_FR.docx.pdf\" rel=\"follow noopener\" target=\"_blank\" role=\"button\"><div class=\"uagb-button__link\">T\u00e9l\u00e9charger<\/div><span class=\"uagb-button__icon uagb-button__icon-position-after\"><svg xmlns=\"https:\/\/www.w3.org\/2000\/svg\" viewbox=\"0 0 256 512\" aria-hidden=\"true\" focussable=\"false\"><path d=\"M64 448c-8.188 0-16.38-3.125-22.62-9.375c-12.5-12.5-12.5-32.75 0-45.25L178.8 256L41.38 118.6c-12.5-12.5-12.5-32.75 0-45.25s32.75-12.5 45.25 0l160 160c12.5 12.5 12.5 32.75 0 45.25l-160 160C80.38 444.9 72.19 448 64 448z\"><\/path><\/svg><\/span><\/a><\/div><\/div>\n<\/div><\/div>\n<\/div>\n<\/div>\n<\/div>\n\n\n\n<div class=\"wp-block-uagb-container uagb-block-8rwob4ns\">\n<div class=\"wp-block-uagb-image alignleft uagb-block-3crev99f wp-block-uagb-image--layout-default wp-block-uagb-image--effect-static wp-block-uagb-image--align-left\"><figure class=\"wp-block-uagb-image__figure\"><img decoding=\"async\" srcset=\"https:\/\/www.seedflowtrading.com\/wp-content\/uploads\/2026\/01\/pexels-photo-6875371-6875371-1024x683.jpg ,https:\/\/www.seedflowtrading.com\/wp-content\/uploads\/2026\/01\/pexels-photo-6875371-6875371-scaled.jpg 780w, https:\/\/www.seedflowtrading.com\/wp-content\/uploads\/2026\/01\/pexels-photo-6875371-6875371-scaled.jpg 360w\" sizes=\"auto, (max-width: 480px) 150px\" src=\"https:\/\/www.seedflowtrading.com\/wp-content\/uploads\/2026\/01\/pexels-photo-6875371-6875371-1024x683.jpg\" alt=\"A farmer in a sun hat bends to arrange pineapples at an outdoor fruit market.\" class=\"uag-image-2227\" width=\"384\" height=\"288\" title=\"pexels photo 6875371 6875371\" loading=\"lazy\" role=\"img\"\/><\/figure><\/div>\n\n\n\n<div class=\"wp-block-uagb-info-box uagb-block-cupq8chp uagb-infobox__content-wrap  uagb-infobox-icon-above-title uagb-infobox-image-valign-top\"><div class=\"uagb-ifb-content\"><div class=\"uagb-ifb-title-wrap\"><h3 class=\"uagb-ifb-title\">Ananas frais<\/h3><\/div><p class=\"uagb-ifb-desc\">L'ananas est un fruit non<br>climact\u00e9rique, r\u00e9colt\u00e9 \u00e0 maturit\u00e9 optimale car il ne poursuit pas son m\u00fbrissement apr\u00e8s r\u00e9colte. Il est appr\u00e9ci\u00e9 sur les march\u00e9s internationaux pour sa chair juteuse, son \u00e9quilibre sucre\/acidit\u00e9 et sa bonne tenue logistique lorsqu\u2019il est correctement conditionn\u00e9.<\/p><\/div><\/div>\n\n\n\n<div class=\"wp-block-group is-layout-constrained wp-block-group-is-layout-constrained\">\n<div class=\"wp-block-uagb-buttons uagb-buttons__outer-wrap uagb-btn__default-btn uagb-btn-tablet__default-btn uagb-btn-mobile__default-btn uagb-block-1lvswdpc\"><div class=\"uagb-buttons__wrap uagb-buttons-layout-wrap\">\n<div class=\"wp-block-uagb-buttons-child uagb-buttons__outer-wrap uagb-block-ec11f5a3 wp-block-button\"><div class=\"uagb-button__wrapper\"><a class=\"uagb-buttons-repeater wp-block-button__link\" aria-label=\"\" href=\"http:\/\/www.seedflowtrading.com\/wp-content\/uploads\/2026\/02\/Fiche_Produit_Ananas_Frais_SeedFlow_FR.docx.pdf\" rel=\"follow noopener\" target=\"_blank\" role=\"button\"><div class=\"uagb-button__link\">T\u00e9l\u00e9charger<\/div><span class=\"uagb-button__icon uagb-button__icon-position-after\"><svg xmlns=\"https:\/\/www.w3.org\/2000\/svg\" viewbox=\"0 0 256 512\" aria-hidden=\"true\" focussable=\"false\"><path d=\"M64 448c-8.188 0-16.38-3.125-22.62-9.375c-12.5-12.5-12.5-32.75 0-45.25L178.8 256L41.38 118.6c-12.5-12.5-12.5-32.75 0-45.25s32.75-12.5 45.25 0l160 160c12.5 12.5 12.5 32.75 0 45.25l-160 160C80.38 444.9 72.19 448 64 448z\"><\/path><\/svg><\/span><\/a><\/div><\/div>\n<\/div><\/div>\n<\/div>\n<\/div>\n\n\n\n<div class=\"wp-block-uagb-container uagb-block-tkhrdjei\">\n<div class=\"wp-block-uagb-image alignleft uagb-block-q8ib9sol wp-block-uagb-image--layout-default wp-block-uagb-image--effect-static wp-block-uagb-image--align-left\"><figure class=\"wp-block-uagb-image__figure\"><img decoding=\"async\" srcset=\"https:\/\/www.seedflowtrading.com\/wp-content\/uploads\/2026\/02\/pexels-photo-10323354-10323354-683x1024.jpg ,https:\/\/www.seedflowtrading.com\/wp-content\/uploads\/2026\/02\/pexels-photo-10323354-10323354-scaled.jpg 780w, https:\/\/www.seedflowtrading.com\/wp-content\/uploads\/2026\/02\/pexels-photo-10323354-10323354-scaled.jpg 360w\" sizes=\"auto, (max-width: 480px) 150px\" src=\"https:\/\/www.seedflowtrading.com\/wp-content\/uploads\/2026\/02\/pexels-photo-10323354-10323354-683x1024.jpg\" alt=\"Vibrant dried pineapple rings displayed in a market setting. Ideal for culinary and travel stock imagery.\" class=\"uag-image-2359\" width=\"384\" height=\"288\" title=\"pexels photo 10323354 10323354\" loading=\"lazy\" role=\"img\"\/><\/figure><\/div>\n\n\n\n<div class=\"wp-block-uagb-info-box uagb-block-q80voqn9 uagb-infobox__content-wrap  uagb-infobox-icon-above-title uagb-infobox-image-valign-top\"><div class=\"uagb-ifb-content\"><div class=\"uagb-ifb-title-wrap\"><h3 class=\"uagb-ifb-title\">Ananas s\u00e9ch\u00e9<\/h3><\/div><p class=\"uagb-ifb-desc\">L\u2019ananas s\u00e9ch\u00e9 est obtenu par un proc\u00e9d\u00e9 de d\u00e9shydratation industrielle contr\u00f4l\u00e9e, permettant de pr\u00e9server les qualit\u00e9s gustatives du fruit tout en assurant une stabilit\u00e9 microbiologique et une longue dur\u00e9e de conservation.<br><\/p><\/div><\/div>\n\n\n\n<div class=\"wp-block-group is-layout-constrained wp-block-group-is-layout-constrained\">\n<div class=\"wp-block-uagb-buttons uagb-buttons__outer-wrap uagb-btn__default-btn uagb-btn-tablet__default-btn uagb-btn-mobile__default-btn uagb-block-q5pons2n\"><div class=\"uagb-buttons__wrap uagb-buttons-layout-wrap\">\n<div class=\"wp-block-uagb-buttons-child uagb-buttons__outer-wrap uagb-block-54fa20ed wp-block-button\"><div class=\"uagb-button__wrapper\"><a class=\"uagb-buttons-repeater wp-block-button__link\" aria-label=\"\" href=\"http:\/\/www.seedflowtrading.com\/wp-content\/uploads\/2026\/02\/Fiche_Produit_Ananas_Seche_SeedFlow_FR.docx.pdf\" rel=\"follow noopener\" target=\"_blank\" role=\"button\"><div class=\"uagb-button__link\">T\u00e9l\u00e9charger<\/div><span class=\"uagb-button__icon uagb-button__icon-position-after\"><svg xmlns=\"https:\/\/www.w3.org\/2000\/svg\" viewbox=\"0 0 256 512\" aria-hidden=\"true\" focussable=\"false\"><path d=\"M64 448c-8.188 0-16.38-3.125-22.62-9.375c-12.5-12.5-12.5-32.75 0-45.25L178.8 256L41.38 118.6c-12.5-12.5-12.5-32.75 0-45.25s32.75-12.5 45.25 0l160 160c12.5 12.5 12.5 32.75 0 45.25l-160 160C80.38 444.9 72.19 448 64 448z\"><\/path><\/svg><\/span><\/a><\/div><\/div>\n<\/div><\/div>\n<\/div>\n<\/div>\n\n\n\n<div class=\"wp-block-uagb-container uagb-block-jkqe1yn4\">\n<div class=\"wp-block-uagb-image alignleft uagb-block-r6w0phdu wp-block-uagb-image--layout-default wp-block-uagb-image--effect-static wp-block-uagb-image--align-left\"><figure class=\"wp-block-uagb-image__figure\"><img decoding=\"async\" srcset=\"https:\/\/www.seedflowtrading.com\/wp-content\/uploads\/2026\/02\/pexels-photo-7543141-7543141-1024x683.jpg ,https:\/\/www.seedflowtrading.com\/wp-content\/uploads\/2026\/02\/pexels-photo-7543141-7543141-scaled.jpg 780w, https:\/\/www.seedflowtrading.com\/wp-content\/uploads\/2026\/02\/pexels-photo-7543141-7543141-scaled.jpg 360w\" sizes=\"auto, (max-width: 480px) 150px\" src=\"https:\/\/www.seedflowtrading.com\/wp-content\/uploads\/2026\/02\/pexels-photo-7543141-7543141-1024x683.jpg\" alt=\"Stack of fresh green coconuts with textured skin, perfect for editorial or commercial use.\" class=\"uag-image-2360\" width=\"384\" height=\"288\" title=\"pexels photo 7543141 7543141\" loading=\"lazy\" role=\"img\"\/><\/figure><\/div>\n\n\n\n<div class=\"wp-block-uagb-info-box uagb-block-osr15219 uagb-infobox__content-wrap  uagb-infobox-icon-above-title uagb-infobox-image-valign-top\"><div class=\"uagb-ifb-content\"><div class=\"uagb-ifb-title-wrap\"><h3 class=\"uagb-ifb-title\">Noix de coco enti\u00e8re<\/h3><\/div><p class=\"uagb-ifb-desc\">La noix de coco enti\u00e8re est un fruit tropical robuste, appr\u00e9ci\u00e9 sur les march\u00e9s internationaux pour sa longue dur\u00e9e de conservation naturelle et sa bonne r\u00e9sistance au transport. Gr\u00e2ce \u00e0 sa coque dure, elle pr\u00e9sente une excellente tenue logistique et convient parfaitement aux flux d\u2019exportation r\u00e9guliers.<\/p><\/div><\/div>\n\n\n\n<div class=\"wp-block-group is-layout-constrained wp-block-group-is-layout-constrained\">\n<div class=\"wp-block-uagb-buttons uagb-buttons__outer-wrap uagb-btn__default-btn uagb-btn-tablet__default-btn uagb-btn-mobile__default-btn uagb-block-rgubcgnr\"><div class=\"uagb-buttons__wrap uagb-buttons-layout-wrap\">\n<div class=\"wp-block-uagb-buttons-child uagb-buttons__outer-wrap uagb-block-8159f535 wp-block-button\"><div class=\"uagb-button__wrapper\"><a class=\"uagb-buttons-repeater wp-block-button__link\" aria-label=\"\" href=\"http:\/\/www.seedflowtrading.com\/wp-content\/uploads\/2026\/02\/Fiche_Produit_Noix_de__Coco_Entiere_SeedFlow_FR.docx.pdf\" rel=\"follow noopener\" target=\"_blank\" role=\"button\"><div class=\"uagb-button__link\">T\u00e9l\u00e9charger<\/div><span class=\"uagb-button__icon uagb-button__icon-position-after\"><svg xmlns=\"https:\/\/www.w3.org\/2000\/svg\" viewbox=\"0 0 256 512\" aria-hidden=\"true\" focussable=\"false\"><path d=\"M64 448c-8.188 0-16.38-3.125-22.62-9.375c-12.5-12.5-12.5-32.75 0-45.25L178.8 256L41.38 118.6c-12.5-12.5-12.5-32.75 0-45.25s32.75-12.5 45.25 0l160 160c12.5 12.5 12.5 32.75 0 45.25l-160 160C80.38 444.9 72.19 448 64 448z\"><\/path><\/svg><\/span><\/a><\/div><\/div>\n<\/div><\/div>\n<\/div>\n<\/div>\n\n\n\n<div class=\"wp-block-uagb-container uagb-block-1wyy0pps\">\n<div class=\"wp-block-uagb-image alignleft uagb-block-fvrw85hu wp-block-uagb-image--layout-default wp-block-uagb-image--effect-static wp-block-uagb-image--align-left\"><figure class=\"wp-block-uagb-image__figure\"><img decoding=\"async\" srcset=\"https:\/\/www.seedflowtrading.com\/wp-content\/uploads\/2026\/02\/pexels-photo-7676877-7676877-1024x683.jpg ,https:\/\/www.seedflowtrading.com\/wp-content\/uploads\/2026\/02\/pexels-photo-7676877-7676877-scaled.jpg 780w, https:\/\/www.seedflowtrading.com\/wp-content\/uploads\/2026\/02\/pexels-photo-7676877-7676877-scaled.jpg 360w\" sizes=\"auto, (max-width: 480px) 150px\" src=\"https:\/\/www.seedflowtrading.com\/wp-content\/uploads\/2026\/02\/pexels-photo-7676877-7676877-1024x683.jpg\" alt=\"Detailed close-up of fresh coconut halves showing white kernel and rough shell.\" class=\"uag-image-2362\" width=\"384\" height=\"288\" title=\"pexels photo 7676877 7676877\" loading=\"lazy\" role=\"img\"\/><\/figure><\/div>\n\n\n\n<div class=\"wp-block-uagb-info-box uagb-block-blgzc0wa uagb-infobox__content-wrap  uagb-infobox-icon-above-title uagb-infobox-image-valign-top\"><div class=\"uagb-ifb-content\"><div class=\"uagb-ifb-title-wrap\"><h3 class=\"uagb-ifb-title\">Noix de coco s\u00e9ch\u00e9e<\/h3><\/div><p class=\"uagb-ifb-desc\">La noix de coco s\u00e9ch\u00e9e est produite par un proc\u00e9d\u00e9 de d\u00e9shydratation industrielle contr\u00f4l\u00e9e, r\u00e9duisant l\u2019humidit\u00e9 tout en pr\u00e9servant la saveur naturelle, la texture et la stabilit\u00e9 microbiologique du produit. Elle constitue un ingr\u00e9dient stable et polyvalent, utilis\u00e9 dans les secteurs de la boulangerie, confiserie, snacks et industries alimentaires.<\/p><\/div><\/div>\n\n\n\n<div class=\"wp-block-group is-layout-constrained wp-block-group-is-layout-constrained\">\n<div class=\"wp-block-uagb-buttons uagb-buttons__outer-wrap uagb-btn__default-btn uagb-btn-tablet__default-btn uagb-btn-mobile__default-btn uagb-block-jhyv32au\"><div class=\"uagb-buttons__wrap uagb-buttons-layout-wrap\">\n<div class=\"wp-block-uagb-buttons-child uagb-buttons__outer-wrap uagb-block-e9d4f41e wp-block-button\"><div class=\"uagb-button__wrapper\"><a class=\"uagb-buttons-repeater wp-block-button__link\" aria-label=\"\" href=\"http:\/\/www.seedflowtrading.com\/wp-content\/uploads\/2026\/02\/Product_Sheet_Dried_Coconut_SeedFlow_EN.docx.pdf\" rel=\"follow noopener\" target=\"_blank\" role=\"button\"><div class=\"uagb-button__link\">T\u00e9l\u00e9charger<\/div><span class=\"uagb-button__icon uagb-button__icon-position-after\"><svg xmlns=\"https:\/\/www.w3.org\/2000\/svg\" viewbox=\"0 0 256 512\" aria-hidden=\"true\" focussable=\"false\"><path d=\"M64 448c-8.188 0-16.38-3.125-22.62-9.375c-12.5-12.5-12.5-32.75 0-45.25L178.8 256L41.38 118.6c-12.5-12.5-12.5-32.75 0-45.25s32.75-12.5 45.25 0l160 160c12.5 12.5 12.5 32.75 0 45.25l-160 160C80.38 444.9 72.19 448 64 448z\"><\/path><\/svg><\/span><\/a><\/div><\/div>\n<\/div><\/div>\n<\/div>\n<\/div>\n<\/div>\n<\/div><\/div>\n\n\n\n<div class=\"wp-block-uagb-container uagb-block-j9dvurcj alignfull uagb-is-root-container\"><div class=\"uagb-container-inner-blocks-wrap\">\n<div class=\"wp-block-uagb-info-box uagb-block-kv0fspfo uagb-infobox__content-wrap  uagb-infobox-icon-above-title uagb-infobox-image-valign-top\"><div class=\"uagb-ifb-content\"><div class=\"uagb-ifb-title-wrap\"><h2 class=\"uagb-ifb-title\"><strong>Travaillons ensemble<\/strong><\/h2><\/div><\/div><\/div>\n\n\n\n<div class=\"wp-block-uagb-container uagb-block-infyoble\">\n<div class=\"wp-block-uagb-info-box uagb-block-dyonnaxe uagb-infobox__content-wrap  uagb-infobox-icon-above-title uagb-infobox-image-valign-top\"><div class=\"uagb-ifb-content\"><div class=\"uagb-ifb-title-wrap\"><\/div><p class=\"uagb-ifb-desc\">D\u00e9couvrez comment SeedFlow Trading peut soutenir vos activit\u00e9s li\u00e9es aux intrants agricoles, aux fruits exotiques, \u00e0 la transformation et \u00e0 l\u2019exportation.<\/p><\/div><\/div>\n\n\n\n<div class=\"wp-block-uagb-buttons uagb-buttons__outer-wrap uagb-btn__default-btn uagb-btn-tablet__default-btn uagb-btn-mobile__default-btn uagb-block-33jd3tqn\"><div class=\"uagb-buttons__wrap uagb-buttons-layout-wrap\">\n<div class=\"wp-block-uagb-buttons-child uagb-buttons__outer-wrap uagb-block-zuq9nyer wp-block-button\"><div class=\"uagb-button__wrapper\"><a class=\"uagb-buttons-repeater wp-block-button__link\" aria-label=\"\" href=\"https:\/\/www.seedflowtrading.com\/fr\/contact\/\" rel=\"follow noopener\" target=\"_self\" role=\"button\"><div class=\"uagb-button__link\">Contactez-nous<\/div><\/a><\/div><\/div>\n<\/div><\/div>\n<\/div>\n<\/div><\/div>\n\n\n\n\n\n\n\n<p><\/p>","protected":false},"excerpt":{"rendered":"","protected":false},"author":1,"featured_media":0,"parent":0,"menu_order":0,"comment_status":"closed","ping_status":"closed","template":"","meta":{"_uag_custom_page_level_css":"","site-sidebar-layout":"default","site-content-layout":"","ast-site-content-layout":"normal-width-container","site-content-style":"default","site-sidebar-style":"default","ast-global-header-display":"","ast-banner-title-visibility":"","ast-main-header-display":"","ast-hfb-above-header-display":"","ast-hfb-below-header-display":"","ast-hfb-mobile-header-display":"","site-post-title":"disabled","ast-breadcrumbs-content":"","ast-featured-img":"","footer-sml-layout":"","ast-disable-related-posts":"","theme-transparent-header-meta":"enabled","adv-header-id-meta":"","stick-header-meta":"","header-above-stick-meta":"","header-main-stick-meta":"","header-below-stick-meta":"","astra-migrate-meta-layouts":"default","ast-page-background-enabled":"default","ast-page-background-meta":{"desktop":{"background-color":"var(--ast-global-color-4)","background-image":"","background-repeat":"repeat","background-position":"center center","background-size":"auto","background-attachment":"scroll","background-type":"","background-media":"","overlay-type":"","overlay-color":"","overlay-opacity":"","overlay-gradient":""},"tablet":{"background-color":"","background-image":"","background-repeat":"repeat","background-position":"center center","background-size":"auto","background-attachment":"scroll","background-type":"","background-media":"","overlay-type":"","overlay-color":"","overlay-opacity":"","overlay-gradient":""},"mobile":{"background-color":"","background-image":"","background-repeat":"repeat","background-position":"center center","background-size":"auto","background-attachment":"scroll","background-type":"","background-media":"","overlay-type":"","overlay-color":"","overlay-opacity":"","overlay-gradient":""}},"ast-content-background-meta":{"desktop":{"background-color":"var(--ast-global-color-5)","background-image":"","background-repeat":"repeat","background-position":"center center","background-size":"auto","background-attachment":"scroll","background-type":"","background-media":"","overlay-type":"","overlay-color":"","overlay-opacity":"","overlay-gradient":""},"tablet":{"background-color":"var(--ast-global-color-5)","background-image":"","background-repeat":"repeat","background-position":"center center","background-size":"auto","background-attachment":"scroll","background-type":"","background-media":"","overlay-type":"","overlay-color":"","overlay-opacity":"","overlay-gradient":""},"mobile":{"background-color":"var(--ast-global-color-5)","background-image":"","background-repeat":"repeat","background-position":"center center","background-size":"auto","background-attachment":"scroll","background-type":"","background-media":"","overlay-type":"","overlay-color":"","overlay-opacity":"","overlay-gradient":""}},"footnotes":""},"class_list":["post-2322","page","type-page","status-publish","hentry"],"uagb_featured_image_src":{"full":false,"thumbnail":false,"medium":false,"medium_large":false,"large":false,"1536x1536":false,"2048x2048":false,"trp-custom-language-flag":false},"uagb_author_info":{"display_name":"admin4384","author_link":"https:\/\/www.seedflowtrading.com\/fr\/author\/admin4384\/"},"uagb_comment_info":0,"uagb_excerpt":null,"_links":{"self":[{"href":"https:\/\/www.seedflowtrading.com\/fr\/wp-json\/wp\/v2\/pages\/2322","targetHints":{"allow":["GET"]}}],"collection":[{"href":"https:\/\/www.seedflowtrading.com\/fr\/wp-json\/wp\/v2\/pages"}],"about":[{"href":"https:\/\/www.seedflowtrading.com\/fr\/wp-json\/wp\/v2\/types\/page"}],"author":[{"embeddable":true,"href":"https:\/\/www.seedflowtrading.com\/fr\/wp-json\/wp\/v2\/users\/1"}],"replies":[{"embeddable":true,"href":"https:\/\/www.seedflowtrading.com\/fr\/wp-json\/wp\/v2\/comments?post=2322"}],"version-history":[{"count":40,"href":"https:\/\/www.seedflowtrading.com\/fr\/wp-json\/wp\/v2\/pages\/2322\/revisions"}],"predecessor-version":[{"id":2425,"href":"https:\/\/www.seedflowtrading.com\/fr\/wp-json\/wp\/v2\/pages\/2322\/revisions\/2425"}],"wp:attachment":[{"href":"https:\/\/www.seedflowtrading.com\/fr\/wp-json\/wp\/v2\/media?parent=2322"}],"curies":[{"name":"wp","href":"https:\/\/api.w.org\/{rel}","templated":true}]}}